{"id":91,"date":"2023-07-14T13:12:55","date_gmt":"2023-07-14T13:12:55","guid":{"rendered":"http:\/\/localhost:8080\/forum-phenixdor\/?page_id=91"},"modified":"2023-07-14T13:29:49","modified_gmt":"2023-07-14T13:29:49","slug":"inscription","status":"publish","type":"page","link":"https:\/\/forum.phenixdor.tech\/index.php\/inscription\/","title":{"rendered":"Inscription"},"content":{"rendered":"\n<div class=\"wp-block-columns is-layout-flex wp-container-4\">\n<div class=\"wp-block-column is-vertically-aligned-top is-layout-flow\" style=\"flex-basis:33.33%\">\n<h1 class=\"wp-block-heading has-medium-font-size\" id=\"formulaire-d-inscription\">Formulaire d&#8217;inscription<\/h1>\n\n\n\n<p>Nous sommes ravis que vous ayez d\u00e9cid\u00e9 de nous rejoindre. Veuillez remplir le formulaire d\u2019inscription ci-dessous pour commencer a discuter.<\/p>\n\n\n\n<form method=\"post\" action=\"https:\/\/forum.phenixdor.tech\/wp-login.php\" class=\"bbp-login-form\">\n\t<fieldset class=\"bbp-form border-primary\">\n\t\t<legend>Create an Account<\/legend>\n\n\t\t\n\t\t<div class=\"bbp-template-notice\">\n\t\t\t<ul>\n\t\t\t\t<li>Your username must be unique, and cannot be changed later.<\/li>\n\t\t\t\t<li>We use your email address to email you a secure password and verify your account.<\/li>\n\t\t\t<\/ul>\n\t\t<\/div>\n\n\t\t<div class=\"bbp-username\">\n\t\t\t<label for=\"user_login\">Username: <\/label>\n\t\t\t<input type=\"text\" name=\"user_login\" value=\"\" size=\"20\" id=\"user_login\" maxlength=\"100\" autocomplete=\"off\" class=\"form-control\" \/>\n\t\t<\/div>\n\n\t\t<div class=\"bbp-email\">\n\t\t\t<label for=\"user_email\">Email: <\/label>\n\t\t\t<input type=\"text\" name=\"user_email\" value=\"\" size=\"20\" id=\"user_email\" maxlength=\"100\" autocomplete=\"off\" class=\"form-control\" \/>\n\t\t<\/div>\n\n\t\t\n\t\t<div class=\"bbp-submit-wrapper\">\n\t\t\t<button type=\"submit\" name=\"user-submit\" class=\"btn btn-primary text-capitalize\">\n\t\t\t\tRegister\t\t\t<\/button>\n\t\t\t\n\t<input type=\"hidden\" name=\"action\"      value=\"register\" \/>\n\t<input type=\"hidden\" name=\"user-cookie\" value=\"1\" \/>\n\n\t<input type=\"hidden\" id=\"bbp_redirect_to\" name=\"redirect_to\" value=\"?checkemail=registered\" \/><input type=\"hidden\" id=\"_wpnonce\" name=\"_wpnonce\" value=\"521d7721b8\" \/><input type=\"hidden\" name=\"_wp_http_referer\" value=\"\/index.php\/wp-json\/wp\/v2\/pages\/91\" \/>\t\t<\/div>\n\n\t\t\n\t<\/fieldset>\n<\/form>\n<\/div>\n\n\n\n<div class=\"wp-block-column is-layout-flow\" style=\"flex-basis:66.66%\">\n<div class=\"wp-block-group is-vertical is-content-justification-center is-layout-flex wp-container-2\">\n<div id=\"gspb_row-id-gsbp-86b053ed-ee22\" class=\"gspb_row gspb_row-id-gsbp-86b053ed-ee22 wp-block-greenshift-blocks-row alignfull gspb_row-id-gsbp-86b053ed-ee22 gspb_row--gutter-custom-0\">\n<div id=\"gspb_col-id-gsbp-e3344153-68e2\" class=\"gspb_row__col--12 wp-block-greenshift-blocks-row-column  gspb_row__col--md-12 gspb_col-id-gsbp-e3344153-68e2\">\n<p id=\"gspb_text-id-gsbp-5b558fc8-e18d\" class=\"gspb_text gspb_text-id-gsbp-5b558fc8-e18d \">Conseils<\/p>\n\n\n\n<h2 id=\"gspb_heading-id-gsbp-331c345d-351a\" class=\"gspb_heading gspb_heading-id-gsbp-331c345d-351a \">Etapes a suivre avant de cr\u00e9er un sujet<\/h2>\n\n\n\n<div id=\"gspb_text-id-gsbp-77cbf0d4-1b3c\" class=\"gspb_text gspb_text-id-gsbp-77cbf0d4-1b3c \">Avant de poser votre question ou probl\u00e8me, soyez sur de respecter les trois points suivants<\/div>\n<\/div>\n<\/div>\n\n\n\n<div id=\"gspb_row-id-gsbp-b358605f-c280\" class=\"gspb_row gspb_row-id-gsbp-b358605f-c280 wp-block-greenshift-blocks-row alignfull gspb_row-id-gsbp-b358605f-c280 gspb_row--gutter-custom-0\">\n<div id=\"gspb_col-id-gsbp-9219a1fd-caa2\" class=\"gspb_row__col--12 wp-block-greenshift-blocks-row-column  gspb_row__col--md-12 gspb_col-id-gsbp-9219a1fd-caa2\">\n<div id=\"gspb_container-id-gsbp-a9e5be8e-f2c2\" class=\"gspb_container gspb_container-gsbp-a9e5be8e-f2c2 wp-block-greenshift-blocks-container\">\n<div id=\"gspb_iconBox-id-gsbp-4aec1fc7-4aab\" class=\"gspb_iconBox gspb_iconBox-id-gsbp-4aec1fc7-4aab wp-block-greenshift-blocks-iconbox\"><div class=\"gspb_iconBox__wrapper\" style=\"display:inline-flex\"><svg class=\"\" style=\"display:inline-block;vertical-align:middle\" width=\"72\" height=\"72\" viewBox=\"0 0 1024 1024\" xmlns=\"http:\/\/www.w3.org\/2000\/svg\"><path style=\"fill:#565D66\" d=\"M1017 963.2l-258-258c-4.6-4.6-10.6-7-17-7h-20.6c68.6-74.2 110.6-173.2 110.6-282.2 0-229.8-186.2-416-416-416s-416 186.2-416 416 186.2 416 416 416c109 0 208-42 282.2-110.4v20.4c0 6.4 2.6 12.4 7 17l258 258c9.4 9.4 24.6 9.4 34 0l19.8-19.8c9.4-9.4 9.4-24.6 0-34zM416 768c-194.6 0-352-157.4-352-352s157.4-352 352-352 352 157.4 352 352-157.4 352-352 352z\"><\/path><\/svg><\/div><\/div>\n\n\n\n<div id=\"gspb_container-id-gsbp-5db7598a-8d5c\" class=\"gspb_container gspb_container-gsbp-5db7598a-8d5c wp-block-greenshift-blocks-container\">\n<h3 id=\"gspb_heading-id-gsbp-9173823d-72ab\" class=\"gspb_heading gspb_heading-id-gsbp-9173823d-72ab \">Recherchez votre probl\u00e8me sur le forum<\/h3>\n\n\n\n<div id=\"gspb_text-id-gsbp-fb40a04f-8f04\" class=\"gspb_text gspb_text-id-gsbp-fb40a04f-8f04 \">Recherchez d\u2019abord si le sujet que vous voulez aborder n\u2019a pas d\u00e9j\u00e0 \u00e9t\u00e9 discut\u00e9 sur le forum.<\/div>\n<\/div>\n<\/div>\n\n\n\n<div id=\"gspb_container-id-gsbp-8947b295-f95d\" class=\"gspb_container gspb_container-gsbp-8947b295-f95d wp-block-greenshift-blocks-container\">\n<div id=\"gspb_iconBox-id-gsbp-768875eb-133f\" class=\"gspb_iconBox gspb_iconBox-id-gsbp-768875eb-133f wp-block-greenshift-blocks-iconbox\"><div class=\"gspb_iconBox__wrapper\" style=\"display:inline-flex\"><svg class=\"\" style=\"display:inline-block;vertical-align:middle\" width=\"72\" height=\"72\" viewBox=\"0 0 1024 1024\" xmlns=\"http:\/\/www.w3.org\/2000\/svg\"><path style=\"fill:#565D66\" d=\"M896 0h-768c-70.6 0-128 57.4-128 128v576c0 70.6 57.4 128 128 128h192v168c0 14.2 11.6 24 24 24 4.8 0 9.8-1.4 14.2-4.8l249.8-187.2h288c70.6 0 128-57.4 128-128v-576c0-70.6-57.4-128-128-128zM960 704c0 35.2-28.8 64-64 64h-309.4l-17 12.8-185.6 139.2v-152h-256c-35.2 0-64-28.8-64-64v-576c0-35.2 28.8-64 64-64h768c35.2 0 64 28.8 64 64v576zM560 480h-288c-8.8 0-16 7.2-16 16v32c0 8.8 7.2 16 16 16h288c8.8 0 16-7.2 16-16v-32c0-8.8-7.2-16-16-16zM752 288h-480c-8.8 0-16 7.2-16 16v32c0 8.8 7.2 16 16 16h480c8.8 0 16-7.2 16-16v-32c0-8.8-7.2-16-16-16z\"><\/path><\/svg><\/div><\/div>\n\n\n\n<div id=\"gspb_container-id-gsbp-f5092ff5-ab3f\" class=\"gspb_container gspb_container-gsbp-f5092ff5-ab3f wp-block-greenshift-blocks-container\">\n<h3 id=\"gspb_heading-id-gsbp-ee73daa9-4334\" class=\"gspb_heading gspb_heading-id-gsbp-ee73daa9-4334 \">Cr\u00e9er un nouveau sujet<\/h3>\n\n\n\n<div id=\"gspb_text-id-gsbp-4660c67b-9c24\" class=\"gspb_text gspb_text-id-gsbp-4660c67b-9c24 \">Si vous ne trouvez pas de r\u00e9ponse \u00e0 votre question, cr\u00e9ez un nouveau sujet.<\/div>\n<\/div>\n<\/div>\n\n\n\n<div id=\"gspb_container-id-gsbp-70040890-6ce7\" class=\"gspb_container gspb_container-gsbp-70040890-6ce7 wp-block-greenshift-blocks-container\">\n<div id=\"gspb_iconBox-id-gsbp-530bb89a-537d\" class=\"gspb_iconBox gspb_iconBox-id-gsbp-530bb89a-537d wp-block-greenshift-blocks-iconbox\"><div class=\"gspb_iconBox__wrapper\" style=\"display:inline-flex\"><svg class=\"\" style=\"display:inline-block;vertical-align:middle\" width=\"72\" height=\"72\" viewBox=\"0 0 704 1024\" xmlns=\"http:\/\/www.w3.org\/2000\/svg\"><path style=\"fill:#565D66\" d=\"M352 160c-105.88 0-192 86.12-192 192 0 17.68 14.32 32 32 32s32-14.32 32-32c0-70.6 57.44-128 128-128 17.68 0 32-14.32 32-32s-14.32-32-32-32zM192.12 918.34c0 6.3 1.86 12.44 5.36 17.68l49.020 73.68c5.94 8.92 15.94 14.28 26.64 14.28h157.7c10.72 0 20.72-5.36 26.64-14.28l49.020-73.68c3.48-5.24 5.34-11.4 5.36-17.68l0.1-86.36h-319.92l0.080 86.36zM352 0c-204.56 0-352 165.94-352 352 0 88.74 32.9 169.7 87.12 231.56 33.28 37.98 85.48 117.6 104.84 184.32v0.12h96v-0.24c-0.020-9.54-1.44-19.020-4.3-28.14-11.18-35.62-45.64-129.54-124.34-219.34-41.080-46.86-63.040-106.3-63.22-168.28-0.4-147.28 119.34-256 255.9-256 141.16 0 256 114.84 256 256 0 61.94-22.48 121.7-63.3 168.28-78.22 89.22-112.84 182.94-124.2 218.92-2.805 8.545-4.428 18.381-4.44 28.594l-0 0.006v0.2h96v-0.1c19.36-66.74 71.56-146.36 104.84-184.32 54.2-61.88 87.1-142.84 87.1-231.58 0-194.4-157.6-352-352-352z\"><\/path><\/svg><\/div><\/div>\n\n\n\n<div id=\"gspb_container-id-gsbp-f9e5a896-2f38\" class=\"gspb_container gspb_container-gsbp-f9e5a896-2f38 wp-block-greenshift-blocks-container\">\n<h3 id=\"gspb_heading-id-gsbp-cf0bd519-5473\" class=\"gspb_heading gspb_heading-id-gsbp-cf0bd519-5473 \">Soyez clair, pr\u00e9cis et poli<\/h3>\n\n\n\n<div id=\"gspb_text-id-gsbp-30d06bda-bb05\" class=\"gspb_text gspb_text-id-gsbp-30d06bda-bb05 \">Assurez-vous que le titre de votre sujet est clair et pr\u00e9cis. Dans votre message, expliquez clairement votre question ou votre probl\u00e8me. Soyez poli et respectueux envers les autres membres du forum.<\/div>\n<\/div>\n<\/div>\n<\/div>\n<\/div>\n<\/div>\n<\/div>\n<\/div>\n","protected":false},"excerpt":{"rendered":"<p>Formulaire d&#8217;inscription Nous sommes ravis que vous ayez d\u00e9cid\u00e9 de nous rejoindre. Veuillez remplir le formulaire d\u2019inscription ci-dessous pour commencer a discuter.<\/p>\n","protected":false},"author":1,"featured_media":0,"parent":0,"menu_order":0,"comment_status":"closed","ping_status":"closed","template":"","meta":{"_bbp_topic_count":0,"_bbp_reply_count":0,"_bbp_total_topic_count":0,"_bbp_total_reply_count":0,"_bbp_voice_count":0,"_bbp_anonymous_reply_count":0,"_bbp_topic_count_hidden":0,"_bbp_reply_count_hidden":0,"_bbp_forum_subforum_count":0,"_gspb_post_css":"","_themeisle_gutenberg_block_has_review":false},"aioseo_notices":[],"_links":{"self":[{"href":"https:\/\/forum.phenixdor.tech\/index.php\/wp-json\/wp\/v2\/pages\/91"}],"collection":[{"href":"https:\/\/forum.phenixdor.tech\/index.php\/wp-json\/wp\/v2\/pages"}],"about":[{"href":"https:\/\/forum.phenixdor.tech\/index.php\/wp-json\/wp\/v2\/types\/page"}],"author":[{"embeddable":true,"href":"https:\/\/forum.phenixdor.tech\/index.php\/wp-json\/wp\/v2\/users\/1"}],"replies":[{"embeddable":true,"href":"https:\/\/forum.phenixdor.tech\/index.php\/wp-json\/wp\/v2\/comments?post=91"}],"version-history":[{"count":14,"href":"https:\/\/forum.phenixdor.tech\/index.php\/wp-json\/wp\/v2\/pages\/91\/revisions"}],"predecessor-version":[{"id":116,"href":"https:\/\/forum.phenixdor.tech\/index.php\/wp-json\/wp\/v2\/pages\/91\/revisions\/116"}],"wp:attachment":[{"href":"https:\/\/forum.phenixdor.tech\/index.php\/wp-json\/wp\/v2\/media?parent=91"}],"curies":[{"name":"wp","href":"https:\/\/api.w.org\/{rel}","templated":true}]}}