{"id":12,"date":"2023-06-30T12:22:08","date_gmt":"2023-06-30T12:22:08","guid":{"rendered":"http:\/\/localhost:8080\/forum-phenixdor\/?page_id=12"},"modified":"2023-08-09T15:59:22","modified_gmt":"2023-08-09T14:59:22","slug":"forums","status":"publish","type":"page","link":"https:\/\/forum.phenixdor.tech\/","title":{"rendered":"Forums"},"content":{"rendered":"\n<div id=\"bbpress-forums\" class=\"bbpress-wrapper\">\n\n\t\n\t<div class=\"bbp-search-form mb-2\">\n\t\t<form role=\"search\" method=\"get\" id=\"bbp-search-form\">\n\t\t\t<label class=\"screen-reader-text hidden\" for=\"bbp_search\">\n\t\t\t\tSearch for:\t\t\t<\/label>\n\t\t\t<input type=\"hidden\" name=\"action\" value=\"bbp-search-request\" \/>\n\t\t\t<div class=\"input-group\">\n\t\t\t\t<input type=\"text\" class=\"form-control\" value=\"\" name=\"bbp_search\" id=\"bbp_search\">\n\t\t\t\t<button class=\"btn btn-primary\" type=\"submit\" id=\"bbp_search_submit\">\n\t\t\t\t\tSearch\t\t\t\t<\/button>\n\t\t\t<\/div>\n\t\t<\/form>\n\t<\/div>\n\n\n\t<div class=\"bbp-breadcrumb\"><p><a href=\"https:\/\/forum.phenixdor.tech\" class=\"bbp-breadcrumb-home\">Forums<\/a> <span class=\"bbp-breadcrumb-sep\">&rsaquo;<\/span> <span class=\"bbp-breadcrumb-current\">Forums<\/span><\/p><\/div>\n\t\n\t\n\t\n\t\t\n<ul id=\"forums-list-0\" class=\"bbp-forums\">\n\n\t<li class=\"bbp-header text-bg-primary p-3 rounded mb-3\">\n\t\t<ul class=\"forum-titles\">\n\t\t\t<li class=\"bbp-forum-info\">Forum<\/li>\n\t\t\t<li class=\"bbp-forum-topic-count\">Topics<\/li>\n\t\t\t<li class=\"bbp-forum-reply-count\">\n\t\t\t\tPosts\t\t\t<\/li>\n\t\t\t<li class=\"bbp-forum-freshness\">Last Post<\/li>\n\t\t<\/ul>\n\t<\/li><!-- .bbp-header -->\n\n\t<li class=\"bbp-body\">\n\n\t\t\t\t\t\n<ul id=\"bbp-forum-137\" class=\"border-5 border-primary border-start loop-item-0 bbp-forum-status-open bbp-forum-visibility-publish odd  post-137 forum type-forum status-publish hentry\">\n\t<li class=\"bbp-forum-info\">\n\n\t\t\n\t\t\n\t\t<a class=\"bbp-forum-title font-weight-bold\" href=\"https:\/\/forum.phenixdor.tech\/index.php\/forums\/forum\/comptabilite\/\">\n\t\t\tComptabilit\u00e9\t\t<\/a>\n\n\t\t\n\t\t\n\t\t<div class=\"bbp-forum-content\">Un espace d'\u00e9change et de partage pour les professionnels et les \u00e9tudiants en comptabilit\u00e9. Vous pouvez y poser vos questions, partager vos exp\u00e9riences, donner des conseils ou demander de l'aide sur des sujets li\u00e9s \u00e0 la comptabilit\u00e9.<\/div>\n\n\t\t\n\t\t\n\t\t\n\t\t\n\t\t\n\t<\/li>\n\n\t<li class=\"bbp-forum-topic-count font-weight-bold\">0<\/li>\n\t<li class=\"bbp-forum-reply-count font-weight-bold\">\n\t\t0\t<\/li>\n\n\t<li class=\"bbp-forum-freshness\">\n\n\t\t\n\t\tNo Topics\n\t\t\n\t\t<p class=\"bbp-topic-meta\">\n\t\t\t\t\t\t<span class=\"bbp-topic-freshness-author\">\n\t\t\t\t\t\t\t<\/span>\n\t\t\t\t\t<\/p>\n\t<\/li>\n<\/ul>\t\t\t\t\t\n<ul id=\"bbp-forum-5\" class=\"border-5 border-primary border-start loop-item-1 bbp-forum-status-open bbp-forum-visibility-publish even  post-5 forum type-forum status-publish hentry\">\n\t<li class=\"bbp-forum-info\">\n\n\t\t\n\t\t\n\t\t<a class=\"bbp-forum-title font-weight-bold\" href=\"https:\/\/forum.phenixdor.tech\/index.php\/forums\/forum\/general\/\">\n\t\t\tGeneral\t\t<\/a>\n\n\t\t\n\t\t\n\t\t<div class=\"bbp-forum-content\">Ce forum porte sur tout. Dites ce que vous voulez, posez vous soucis.<\/div>\n\n\t\t\n\t\t\n\t\t\n\t\t\n\t\t\n\t<\/li>\n\n\t<li class=\"bbp-forum-topic-count font-weight-bold\">0<\/li>\n\t<li class=\"bbp-forum-reply-count font-weight-bold\">\n\t\t0\t<\/li>\n\n\t<li class=\"bbp-forum-freshness\">\n\n\t\t\n\t\tNo Topics\n\t\t\n\t\t<p class=\"bbp-topic-meta\">\n\t\t\t\t\t\t<span class=\"bbp-topic-freshness-author\">\n\t\t\t\t\t\t\t<\/span>\n\t\t\t\t\t<\/p>\n\t<\/li>\n<\/ul>\t\t\t\t\t\n<ul id=\"bbp-forum-77\" class=\"border-5 border-primary border-start loop-item-2 bbp-forum-status-open bbp-forum-visibility-publish odd  post-77 forum type-forum status-publish hentry\">\n\t<li class=\"bbp-forum-info\">\n\n\t\t\n\t\t\n\t\t<a class=\"bbp-forum-title font-weight-bold\" href=\"https:\/\/forum.phenixdor.tech\/index.php\/forums\/forum\/ressources-humaines\/\">\n\t\t\tRessources humaines\t\t<\/a>\n\n\t\t\n\t\t\n\t\t<div class=\"bbp-forum-content\">Posez vos questions relatives a la gestion des ressources humaines.<\/div>\n\n\t\t\n\t\t\n\t\t\n\t\t\n\t\t\n\t<\/li>\n\n\t<li class=\"bbp-forum-topic-count font-weight-bold\">0<\/li>\n\t<li class=\"bbp-forum-reply-count font-weight-bold\">\n\t\t0\t<\/li>\n\n\t<li class=\"bbp-forum-freshness\">\n\n\t\t\n\t\tNo Topics\n\t\t\n\t\t<p class=\"bbp-topic-meta\">\n\t\t\t\t\t\t<span class=\"bbp-topic-freshness-author\">\n\t\t\t\t\t\t\t<\/span>\n\t\t\t\t\t<\/p>\n\t<\/li>\n<\/ul>\t\t\n\t<\/li><!-- .bbp-body -->\n\n\t<li class=\"bbp-footer bg-primary rounded p-0\">\n\t\t<div class=\"tr\">\n\t\t\t<p class=\"td colspan2\">&nbsp;<\/p>\n\t\t<\/div>\n\t<\/li><!-- .bbp-footer -->\n\n<\/ul><!-- .forums-directory -->\n\n\n\t\n\t<h2 class=\"pt-3\" id=\"last-topics\">Derniers sujets<\/h2>\n<\/div>\n\n","protected":false},"excerpt":{"rendered":"","protected":false},"author":1,"featured_media":139,"parent":0,"menu_order":0,"comment_status":"closed","ping_status":"closed","template":"","meta":{"_bbp_topic_count":0,"_bbp_reply_count":0,"_bbp_total_topic_count":0,"_bbp_total_reply_count":0,"_bbp_voice_count":0,"_bbp_anonymous_reply_count":0,"_bbp_topic_count_hidden":0,"_bbp_reply_count_hidden":0,"_bbp_forum_subforum_count":0,"_gspb_post_css":"","_themeisle_gutenberg_block_has_review":false},"aioseo_notices":[],"_links":{"self":[{"href":"https:\/\/forum.phenixdor.tech\/index.php\/wp-json\/wp\/v2\/pages\/12"}],"collection":[{"href":"https:\/\/forum.phenixdor.tech\/index.php\/wp-json\/wp\/v2\/pages"}],"about":[{"href":"https:\/\/forum.phenixdor.tech\/index.php\/wp-json\/wp\/v2\/types\/page"}],"author":[{"embeddable":true,"href":"https:\/\/forum.phenixdor.tech\/index.php\/wp-json\/wp\/v2\/users\/1"}],"replies":[{"embeddable":true,"href":"https:\/\/forum.phenixdor.tech\/index.php\/wp-json\/wp\/v2\/comments?post=12"}],"version-history":[{"count":2,"href":"https:\/\/forum.phenixdor.tech\/index.php\/wp-json\/wp\/v2\/pages\/12\/revisions"}],"predecessor-version":[{"id":14,"href":"https:\/\/forum.phenixdor.tech\/index.php\/wp-json\/wp\/v2\/pages\/12\/revisions\/14"}],"wp:featuredmedia":[{"embeddable":true,"href":"https:\/\/forum.phenixdor.tech\/index.php\/wp-json\/wp\/v2\/media\/139"}],"wp:attachment":[{"href":"https:\/\/forum.phenixdor.tech\/index.php\/wp-json\/wp\/v2\/media?parent=12"}],"curies":[{"name":"wp","href":"https:\/\/api.w.org\/{rel}","templated":true}]}}